{"id":20,"date":"2025-09-06T13:08:45","date_gmt":"2025-09-06T13:08:45","guid":{"rendered":"https:\/\/mednordics.fi\/?page_id=20"},"modified":"2025-09-13T13:55:03","modified_gmt":"2025-09-13T13:55:03","slug":"home","status":"publish","type":"page","link":"https:\/\/mednordics.fi\/en\/","title":{"rendered":"Home"},"content":{"rendered":"\t\t<div data-elementor-type=\"wp-page\" data-elementor-id=\"20\" class=\"elementor elementor-20\" data-elementor-post-type=\"page\">\n\t\t\t\t\t\t<section class=\"elementor-section elementor-top-section elementor-element elementor-element-290b1286 elementor-section-boxed elementor-section-height-default elementor-section-height-default\" data-id=\"290b1286\" data-element_type=\"section\" data-e-type=\"section\" data-settings=\"{&quot;background_slideshow_ken_burns&quot;:&quot;yes&quot;,&quot;background_background&quot;:&quot;slideshow&quot;,&quot;background_slideshow_gallery&quot;:[{&quot;id&quot;:27,&quot;url&quot;:&quot;https:\\\/\\\/mednordics.fi\\\/wp-content\\\/uploads\\\/2025\\\/09\\\/two-pharmacists-working-together-at-pharmacy.jpg&quot;},{&quot;id&quot;:28,&quot;url&quot;:&quot;https:\\\/\\\/mednordics.fi\\\/wp-content\\\/uploads\\\/2025\\\/09\\\/beautiful-young-woman-pharmacist-showing-drugs-to-senior-man-customer-in-pharmacy-.jpg&quot;},{&quot;id&quot;:29,&quot;url&quot;:&quot;https:\\\/\\\/mednordics.fi\\\/wp-content\\\/uploads\\\/2025\\\/09\\\/portrait-of-a-beautiful-female-pharmacist-working-in-a-pharmacy.jpg&quot;}],&quot;background_slideshow_ken_burns_zoom_direction&quot;:&quot;out&quot;,&quot;shape_divider_bottom&quot;:&quot;waves&quot;,&quot;shape_divider_bottom_negative&quot;:&quot;yes&quot;,&quot;background_slideshow_loop&quot;:&quot;yes&quot;,&quot;background_slideshow_slide_duration&quot;:5000,&quot;background_slideshow_slide_transition&quot;:&quot;fade&quot;,&quot;background_slideshow_transition_duration&quot;:500}\">\n\t\t\t\t\t\t\t<div class=\"elementor-background-overlay\"><\/div>\n\t\t\t\t\t\t<div class=\"elementor-shape elementor-shape-bottom\" aria-hidden=\"true\" data-negative=\"true\">\n\t\t\t<svg xmlns=\"http:\/\/www.w3.org\/2000\/svg\" viewBox=\"0 0 1000 100\" preserveAspectRatio=\"none\">\n\t<path class=\"elementor-shape-fill\" d=\"M790.5,93.1c-59.3-5.3-116.8-18-192.6-50c-29.6-12.7-76.9-31-100.5-35.9c-23.6-4.9-52.6-7.8-75.5-5.3\n\tc-10.2,1.1-22.6,1.4-50.1,7.4c-27.2,6.3-58.2,16.6-79.4,24.7c-41.3,15.9-94.9,21.9-134,22.6C72,58.2,0,25.8,0,25.8V100h1000V65.3\n\tc0,0-51.5,19.4-106.2,25.7C839.5,97,814.1,95.2,790.5,93.1z\"\/>\n<\/svg>\t\t<\/div>\n\t\t\t\t\t<div class=\"elementor-container elementor-column-gap-default\">\n\t\t\t\t\t<div class=\"elementor-column elementor-col-100 elementor-top-column elementor-element elementor-element-3ca0f43c\" data-id=\"3ca0f43c\" data-element_type=\"column\" data-e-type=\"column\">\n\t\t\t<div class=\"elementor-widget-wrap elementor-element-populated\">\n\t\t\t\t\t\t<div class=\"elementor-element elementor-element-35ee23a8 elementor-widget elementor-widget-heading\" data-id=\"35ee23a8\" data-element_type=\"widget\" data-e-type=\"widget\" data-widget_type=\"heading.default\">\n\t\t\t\t\t<h2 class=\"elementor-heading-title elementor-size-default\">Kest\u00e4v\u00e4\u00e4 terveysteknologiaa \u2013 turvallisempi tulevaisuus<\/h2>\t\t\t\t<\/div>\n\t\t\t\t<div class=\"elementor-element elementor-element-5cdf7416 elementor-widget elementor-widget-text-editor\" data-id=\"5cdf7416\" data-element_type=\"widget\" data-e-type=\"widget\" data-widget_type=\"text-editor.default\">\n\t\t\t\t\t\t\t\t\t<p>Pidenn\u00e4mme l\u00e4\u00e4kint\u00e4laitteiden elinkaarta vastuullisen kierr\u00e4tyksen avulla.<\/p>\t\t\t\t\t\t\t\t<\/div>\n\t\t<div class=\"elementor-element elementor-element-5dc0a74 e-flex e-con-boxed e-con e-parent\" data-id=\"5dc0a74\" data-element_type=\"container\" data-e-type=\"container\">\n\t\t\t\t\t<div class=\"e-con-inner\">\n\t\t\t\t<div class=\"elementor-element elementor-element-72f6443 elementor-widget__width-auto elementor-widget elementor-widget-jkit_button\" data-id=\"72f6443\" data-element_type=\"widget\" data-e-type=\"widget\" data-widget_type=\"jkit_button.default\">\n\t\t\t\t\t<div  class=\"jeg-elementor-kit jkit-button  icon-position-before jeg_module___69fcd2d368c2b\" ><a href=\"https:\/\/mednordics.fi\/tarjoa-laitteita-meille\/\" class=\"jkit-button-wrapper hover-gradient\"><span>Myy laitteesi<\/span><\/a><\/div>\t\t\t\t<\/div>\n\t\t\t\t<div class=\"elementor-element elementor-element-899840b elementor-widget__width-auto elementor-widget elementor-widget-jkit_button\" data-id=\"899840b\" data-element_type=\"widget\" data-e-type=\"widget\" data-widget_type=\"jkit_button.default\">\n\t\t\t\t\t<div  class=\"jeg-elementor-kit jkit-button  icon-position-before jeg_module__1_69fcd2d3698b6\" ><a href=\"https:\/\/mednordics.fi\/luvota-laitteesi\" class=\"jkit-button-wrapper hover-gradient\"><span>Luovuttaa  laitteesi<\/span><\/a><\/div>\t\t\t\t<\/div>\n\t\t\t\t\t<\/div>\n\t\t\t\t<\/div>\n\t\t\t\t\t<\/div>\n\t\t<\/div>\n\t\t\t\t\t<\/div>\n\t\t<\/section>\n\t\t<div class=\"elementor-element elementor-element-db0b7e2 e-flex e-con-boxed e-con e-parent\" data-id=\"db0b7e2\" data-element_type=\"container\" data-e-type=\"container\">\n\t\t\t\t\t<div class=\"e-con-inner\">\n\t\t\t\t<div class=\"elementor-element elementor-element-ede6e7e elementor-widget elementor-widget-heading\" data-id=\"ede6e7e\" data-element_type=\"widget\" data-e-type=\"widget\" data-widget_type=\"heading.default\">\n\t\t\t\t\t<h2 class=\"elementor-heading-title elementor-size-default\">Tervetuloa MedNordicsille\n<\/h2>\t\t\t\t<\/div>\n\t\t\t\t<div class=\"elementor-element elementor-element-898b044 elementor-widget__width-initial elementor-widget elementor-widget-text-editor\" data-id=\"898b044\" data-element_type=\"widget\" data-e-type=\"widget\" data-widget_type=\"text-editor.default\">\n\t\t\t\t\t\t\t\t\t<p>MedNordics on suomalainen yritys, joka erikoistuu k\u00e4ytettyjen l\u00e4\u00e4kint\u00e4laitteiden hankintaan Pohjoismaista. Tarjoamme ymp\u00e4rist\u00f6yst\u00e4v\u00e4llisi\u00e4 ratkaisuja huolehtimalla laitteiden uudelleenk\u00e4yt\u00f6st\u00e4, kierr\u00e4tyksest\u00e4 ja vastuullisesta romutuksesta EU:n ulkopuolella.<br \/>Tavoitteenamme on yhdist\u00e4\u00e4 taloudellinen tehokkuus ja vihre\u00e4t arvot \u2013 v\u00e4hent\u00e4en j\u00e4tett\u00e4 ja pident\u00e4en l\u00e4\u00e4kint\u00e4laitteiden elinkaarta maailmanlaajuisesti.<\/p>\t\t\t\t\t\t\t\t<\/div>\n\t\t\t\t\t<\/div>\n\t\t\t\t<\/div>\n\t\t<div class=\"elementor-element elementor-element-63be0a8 e-flex e-con-boxed e-con e-parent\" data-id=\"63be0a8\" data-element_type=\"container\" data-e-type=\"container\" data-settings=\"{&quot;background_background&quot;:&quot;classic&quot;}\">\n\t\t\t\t\t<div class=\"e-con-inner\">\n\t\t\t\t<div class=\"elementor-element elementor-element-8f434de elementor-widget elementor-widget-heading\" data-id=\"8f434de\" data-element_type=\"widget\" data-e-type=\"widget\" data-widget_type=\"heading.default\">\n\t\t\t\t\t<h2 class=\"elementor-heading-title elementor-size-default\">Teht\u00e4v\u00e4mme<\/h2>\t\t\t\t<\/div>\n\t\t\t\t<div class=\"elementor-element elementor-element-7985623 elementor-widget__width-initial elementor-widget elementor-widget-text-editor\" data-id=\"7985623\" data-element_type=\"widget\" data-e-type=\"widget\" data-widget_type=\"text-editor.default\">\n\t\t\t\t\t\t\t\t\t<p data-start=\"3217\" data-end=\"3391\">Teht\u00e4v\u00e4mme on hankkia k\u00e4ytettyj\u00e4 l\u00e4\u00e4kint\u00e4laitteita Pohjoismaista ja varmistaa niiden vastuullinen uudelleenk\u00e4ytt\u00f6, kierr\u00e4tys tai romutus EU:n ulkopuolella, tarjoten kest\u00e4vi\u00e4 ja ymp\u00e4rist\u00f6yst\u00e4v\u00e4llisi\u00e4 ratkaisuja.<\/p>\t\t\t\t\t\t\t\t<\/div>\n\t\t\t\t\t<\/div>\n\t\t\t\t<\/div>\n\t\t\t\t<section class=\"elementor-section elementor-top-section elementor-element elementor-element-928a8ad elementor-section-content-middle elementor-section-boxed elementor-section-height-default elementor-section-height-default\" data-id=\"928a8ad\" data-element_type=\"section\" data-e-type=\"section\" data-settings=\"{&quot;background_background&quot;:&quot;classic&quot;}\">\n\t\t\t\t\t\t<div class=\"elementor-container elementor-column-gap-default\">\n\t\t\t\t\t<div class=\"elementor-column elementor-col-100 elementor-top-column elementor-element elementor-element-3b87b475\" data-id=\"3b87b475\" data-element_type=\"column\" data-e-type=\"column\">\n\t\t\t<div class=\"elementor-widget-wrap elementor-element-populated\">\n\t\t\t\t\t\t<section class=\"elementor-section elementor-inner-section elementor-element elementor-element-406efdf5 elementor-section-boxed elementor-section-height-default elementor-section-height-default\" data-id=\"406efdf5\" data-element_type=\"section\" data-e-type=\"section\" data-settings=\"{&quot;background_background&quot;:&quot;classic&quot;}\">\n\t\t\t\t\t\t<div class=\"elementor-container elementor-column-gap-default\">\n\t\t\t\t\t<div class=\"elementor-column elementor-col-33 elementor-inner-column elementor-element elementor-element-6b8e11a2\" data-id=\"6b8e11a2\" data-element_type=\"column\" data-e-type=\"column\">\n\t\t\t<div class=\"elementor-widget-wrap elementor-element-populated\">\n\t\t\t\t\t\t<div class=\"elementor-element elementor-element-5098779a jkit-equal-height-enable elementor-widget elementor-widget-jkit_icon_box\" data-id=\"5098779a\" data-element_type=\"widget\" data-e-type=\"widget\" data-widget_type=\"jkit_icon_box.default\">\n\t\t\t\t\t<div  class=\"jeg-elementor-kit jkit-icon-box icon-position- elementor-animation- jeg_module__2_69fcd2d36d9c0\" ><div class=\"jkit-icon-box-wrapper hover-from-bottom\"><div class=\"icon-box icon-box-header elementor-animation-float\"><div class=\"icon style-color\"><img fetchpriority=\"high\" decoding=\"async\" width=\"256\" height=\"256\" src=\"https:\/\/mednordics.fi\/wp-content\/uploads\/2025\/09\/check-mark-5.png\" class=\"attachment-full size-full\" alt=\"Rehellisyys ja s\u00e4\u00e4nt\u00f6jen noudattaminen\" url=\"https:\/\/mednordics.fi\/wp-content\/uploads\/2025\/09\/check-mark-5.png\" source=\"library\" srcset=\"https:\/\/mednordics.fi\/wp-content\/uploads\/2025\/09\/check-mark-5.png 256w, https:\/\/mednordics.fi\/wp-content\/uploads\/2025\/09\/check-mark-5-150x150.png 150w, https:\/\/mednordics.fi\/wp-content\/uploads\/2025\/09\/check-mark-5-100x100.png 100w\" sizes=\"(max-width: 256px) 100vw, 256px\" \/><\/div><\/div><div class=\"icon-box icon-box-body\">\n                <h3 class=\"title\">Rehellisyys ja s\u00e4\u00e4nt\u00f6jen noudattaminen<\/h3><p class=\"icon-box-description\">L\u00e4pin\u00e4kyv\u00e4 ja eettinen liiketoiminta kansainv\u00e4listen s\u00e4\u00e4nt\u00f6jen mukaisesti.<\/p>\n            <\/div>\n            \n            <\/div><\/div>\t\t\t\t<\/div>\n\t\t\t\t\t<\/div>\n\t\t<\/div>\n\t\t\t\t<div class=\"elementor-column elementor-col-33 elementor-inner-column elementor-element elementor-element-587282af\" data-id=\"587282af\" data-element_type=\"column\" data-e-type=\"column\">\n\t\t\t<div class=\"elementor-widget-wrap elementor-element-populated\">\n\t\t\t\t\t\t<div class=\"elementor-element elementor-element-32a8d1b7 jkit-equal-height-enable elementor-widget elementor-widget-jkit_icon_box\" data-id=\"32a8d1b7\" data-element_type=\"widget\" data-e-type=\"widget\" data-widget_type=\"jkit_icon_box.default\">\n\t\t\t\t\t<div  class=\"jeg-elementor-kit jkit-icon-box icon-position- elementor-animation- jeg_module__3_69fcd2d36ea67\" ><div class=\"jkit-icon-box-wrapper hover-from-bottom\"><div class=\"icon-box icon-box-header elementor-animation-float\"><div class=\"icon style-color\"><img decoding=\"async\" width=\"256\" height=\"256\" src=\"https:\/\/mednordics.fi\/wp-content\/uploads\/2025\/09\/check-mark-5.png\" class=\"attachment-full size-full\" alt=\"Ymp\u00e4rist\u00f6vastuu\" url=\"https:\/\/mednordics.fi\/wp-content\/uploads\/2025\/09\/check-mark-5.png\" source=\"library\" srcset=\"https:\/\/mednordics.fi\/wp-content\/uploads\/2025\/09\/check-mark-5.png 256w, https:\/\/mednordics.fi\/wp-content\/uploads\/2025\/09\/check-mark-5-150x150.png 150w, https:\/\/mednordics.fi\/wp-content\/uploads\/2025\/09\/check-mark-5-100x100.png 100w\" sizes=\"(max-width: 256px) 100vw, 256px\" \/><\/div><\/div><div class=\"icon-box icon-box-body\">\n                <h3 class=\"title\">Ymp\u00e4rist\u00f6vastuu<\/h3><p class=\"icon-box-description\">Tuemme kest\u00e4vyytt\u00e4 v\u00e4hent\u00e4m\u00e4ll\u00e4 s\u00e4hk\u00f6- ja elektroniikkaj\u00e4tett\u00e4.<\/p>\n            <\/div>\n            \n            <\/div><\/div>\t\t\t\t<\/div>\n\t\t\t\t\t<\/div>\n\t\t<\/div>\n\t\t\t\t<div class=\"elementor-column elementor-col-33 elementor-inner-column elementor-element elementor-element-4f7c2a6\" data-id=\"4f7c2a6\" data-element_type=\"column\" data-e-type=\"column\">\n\t\t\t<div class=\"elementor-widget-wrap elementor-element-populated\">\n\t\t\t\t\t\t<div class=\"elementor-element elementor-element-6427c3a jkit-equal-height-enable elementor-widget elementor-widget-jkit_icon_box\" data-id=\"6427c3a\" data-element_type=\"widget\" data-e-type=\"widget\" data-widget_type=\"jkit_icon_box.default\">\n\t\t\t\t\t<div  class=\"jeg-elementor-kit jkit-icon-box icon-position- elementor-animation- jeg_module__4_69fcd2d36f573\" ><div class=\"jkit-icon-box-wrapper hover-from-bottom\"><div class=\"icon-box icon-box-header elementor-animation-float\"><div class=\"icon style-color\"><img decoding=\"async\" width=\"256\" height=\"256\" src=\"https:\/\/mednordics.fi\/wp-content\/uploads\/2025\/09\/check-mark-5.png\" class=\"attachment-full size-full\" alt=\"Asiakasl\u00e4ht\u00f6isyys\" url=\"https:\/\/mednordics.fi\/wp-content\/uploads\/2025\/09\/check-mark-5.png\" source=\"library\" srcset=\"https:\/\/mednordics.fi\/wp-content\/uploads\/2025\/09\/check-mark-5.png 256w, https:\/\/mednordics.fi\/wp-content\/uploads\/2025\/09\/check-mark-5-150x150.png 150w, https:\/\/mednordics.fi\/wp-content\/uploads\/2025\/09\/check-mark-5-100x100.png 100w\" sizes=\"(max-width: 256px) 100vw, 256px\" \/><\/div><\/div><div class=\"icon-box icon-box-body\">\n                <h3 class=\"title\">Asiakasl\u00e4ht\u00f6isyys<\/h3><p class=\"icon-box-description\">Autamme asiakkaitamme ammattitaidolla <\/p>\n            <\/div>\n            \n            <\/div><\/div>\t\t\t\t<\/div>\n\t\t\t\t\t<\/div>\n\t\t<\/div>\n\t\t\t\t\t<\/div>\n\t\t<\/section>\n\t\t\t\t\t<\/div>\n\t\t<\/div>\n\t\t\t\t\t<\/div>\n\t\t<\/section>\n\t\t\t\t<section class=\"elementor-section elementor-top-section elementor-element elementor-element-66c3e65 elementor-section-boxed elementor-section-height-default elementor-section-height-default\" data-id=\"66c3e65\" data-element_type=\"section\" data-e-type=\"section\">\n\t\t\t\t\t\t<div class=\"elementor-container elementor-column-gap-default\">\n\t\t\t\t\t<div class=\"elementor-column elementor-col-100 elementor-top-column elementor-element elementor-element-edbf10a\" data-id=\"edbf10a\" data-element_type=\"column\" data-e-type=\"column\">\n\t\t\t<div class=\"elementor-widget-wrap elementor-element-populated\">\n\t\t\t\t\t\t<div class=\"elementor-element elementor-element-6a5037c elementor-widget elementor-widget-heading\" data-id=\"6a5037c\" data-element_type=\"widget\" data-e-type=\"widget\" data-widget_type=\"heading.default\">\n\t\t\t\t\t<h2 class=\"elementor-heading-title elementor-size-default\">Palvelumme<\/h2>\t\t\t\t<\/div>\n\t\t\t\t<div class=\"elementor-element elementor-element-f01382e elementor-widget elementor-widget-text-editor\" data-id=\"f01382e\" data-element_type=\"widget\" data-e-type=\"widget\" data-widget_type=\"text-editor.default\">\n\t\t\t\t\t\t\t\t\tMedNordics tarjoaa kokonaisvaltaisen ratkaisun l\u00e4\u00e4kint\u00e4laitteiden elinkaareen. J\u00e4rjest\u00e4mme k\u00e4ytettyjen laitteiden ja materiaalien noudon asiakkaan tiloista.\t\t\t\t\t\t\t\t<\/div>\n\t\t<div class=\"elementor-element elementor-element-cf06a6a e-con-full e-flex e-con e-parent\" data-id=\"cf06a6a\" data-element_type=\"container\" data-e-type=\"container\">\n\t\t<div class=\"elementor-element elementor-element-554728d e-con-full e-flex e-con e-child\" data-id=\"554728d\" data-element_type=\"container\" data-e-type=\"container\" data-settings=\"{&quot;background_background&quot;:&quot;classic&quot;}\">\n\t\t\t\t<div class=\"elementor-element elementor-element-1836b90 elementor-widget elementor-widget-image\" data-id=\"1836b90\" data-element_type=\"widget\" data-e-type=\"widget\" data-widget_type=\"image.default\">\n\t\t\t\t\t\t\t\t\t\t\t\t\t\t\t<img decoding=\"async\" src=\"https:\/\/mednordics.fi\/wp-content\/uploads\/elementor\/thumbs\/8389-rbczen9tepp4tev22dfu8g3z8lo1tdlurflnhm2438.jpg\" title=\"8389\" alt=\"8389\" loading=\"lazy\" \/>\t\t\t\t\t\t\t\t\t\t\t\t\t\t\t<\/div>\n\t\t\t\t<div class=\"elementor-element elementor-element-0a15d28 jkit-equal-height-disable elementor-widget elementor-widget-jkit_icon_box\" data-id=\"0a15d28\" data-element_type=\"widget\" data-e-type=\"widget\" data-widget_type=\"jkit_icon_box.default\">\n\t\t\t\t\t<div  class=\"jeg-elementor-kit jkit-icon-box icon-position- elementor-animation- jeg_module__5_69fcd2d3704f8\" ><div class=\"jkit-icon-box-wrapper hover-from-left\"><div class=\"icon-box icon-box-body\">\n                <h3 class=\"title\">K\u00e4ytettyjen laitteiden hankinta<\/h3><p class=\"icon-box-description\">Ostamme ja otamme vastaan k\u00e4ytettyj\u00e4, vanhentuneita ja k\u00e4yt\u00f6st\u00e4 poistettuja laitteita sek\u00e4 materiaaleja sairaaloilta, klinikoilta ja muilta terveydenhuollon toimijoilta.<\/p>\n            <\/div>\n            \n            <\/div><\/div>\t\t\t\t<\/div>\n\t\t\t\t<\/div>\n\t\t\t\t<\/div>\n\t\t\t\t\t<\/div>\n\t\t<\/div>\n\t\t\t\t\t<\/div>\n\t\t<\/section>\n\t\t\t\t<section class=\"elementor-section elementor-top-section elementor-element elementor-element-5b9bd26f elementor-reverse-tablet elementor-reverse-mobile elementor-section-boxed elementor-section-height-default elementor-section-height-default\" data-id=\"5b9bd26f\" data-element_type=\"section\" data-e-type=\"section\" data-settings=\"{&quot;background_background&quot;:&quot;classic&quot;}\">\n\t\t\t\t\t\t\t<div class=\"elementor-background-overlay\"><\/div>\n\t\t\t\t\t\t\t<div class=\"elementor-container elementor-column-gap-default\">\n\t\t\t\t\t<div class=\"elementor-column elementor-col-50 elementor-top-column elementor-element elementor-element-d2a82c8\" data-id=\"d2a82c8\" data-element_type=\"column\" data-e-type=\"column\" data-settings=\"{&quot;background_background&quot;:&quot;classic&quot;}\">\n\t\t\t<div class=\"elementor-widget-wrap elementor-element-populated\">\n\t\t\t\t\t\t<div class=\"elementor-element elementor-element-dd09026 elementor-widget elementor-widget-spacer\" data-id=\"dd09026\" data-element_type=\"widget\" data-e-type=\"widget\" data-widget_type=\"spacer.default\">\n\t\t\t\t\t\t\t<div class=\"elementor-spacer\">\n\t\t\t<div class=\"elementor-spacer-inner\"><\/div>\n\t\t<\/div>\n\t\t\t\t\t\t<\/div>\n\t\t\t\t\t<\/div>\n\t\t<\/div>\n\t\t\t\t<div class=\"elementor-column elementor-col-50 elementor-top-column elementor-element elementor-element-15765b68\" data-id=\"15765b68\" data-element_type=\"column\" data-e-type=\"column\">\n\t\t\t<div class=\"elementor-widget-wrap elementor-element-populated\">\n\t\t\t\t\t\t<div class=\"elementor-element elementor-element-386c0bd7 elementor-widget elementor-widget-heading\" data-id=\"386c0bd7\" data-element_type=\"widget\" data-e-type=\"widget\" data-widget_type=\"heading.default\">\n\t\t\t\t\t<h2 class=\"elementor-heading-title elementor-size-default\">Miksi valita MedNordics?<\/h2>\t\t\t\t<\/div>\n\t\t\t\t<div class=\"elementor-element elementor-element-b9e1fb2 elementor-widget elementor-widget-text-editor\" data-id=\"b9e1fb2\" data-element_type=\"widget\" data-e-type=\"widget\" data-widget_type=\"text-editor.default\">\n\t\t\t\t\t\t\t\t\t<p>Valitsemalla MedNordicsin valitset laadun, kest\u00e4vyyden ja luotettavuuden. Yhdist\u00e4mme tiukan s\u00e4\u00e4ntelyn noudattamisen kustannustehokkaisiin ratkaisuihin ja tuemme samalla vihre\u00e4mp\u00e4\u00e4 tulevaisuutta.<\/p>\t\t\t\t\t\t\t\t<\/div>\n\t\t\t\t<div class=\"elementor-element elementor-element-9882c23 elementor-icon-list--layout-traditional elementor-list-item-link-full_width elementor-widget elementor-widget-icon-list\" data-id=\"9882c23\" data-element_type=\"widget\" data-e-type=\"widget\" data-widget_type=\"icon-list.default\">\n\t\t\t\t\t\t\t<ul class=\"elementor-icon-list-items\">\n\t\t\t\t\t\t\t<li class=\"elementor-icon-list-item\">\n\t\t\t\t\t\t\t\t\t\t\t<span class=\"elementor-icon-list-icon\">\n\t\t\t\t\t\t\t<svg aria-hidden=\"true\" class=\"e-font-icon-svg e-fas-check\" viewBox=\"0 0 512 512\" xmlns=\"http:\/\/www.w3.org\/2000\/svg\"><path d=\"M173.898 439.404l-166.4-166.4c-9.997-9.997-9.997-26.206 0-36.204l36.203-36.204c9.997-9.998 26.207-9.998 36.204 0L192 312.69 432.095 72.596c9.997-9.997 26.207-9.997 36.204 0l36.203 36.204c9.997 9.997 9.997 26.206 0 36.204l-294.4 294.401c-9.998 9.997-26.207 9.997-36.204-.001z\"><\/path><\/svg>\t\t\t\t\t\t<\/span>\n\t\t\t\t\t\t\t\t\t\t<span class=\"elementor-icon-list-text\">Luotettava kumppani Suomessa ja Pohjoismaissa.<\/span>\n\t\t\t\t\t\t\t\t\t<\/li>\n\t\t\t\t\t\t\t\t<li class=\"elementor-icon-list-item\">\n\t\t\t\t\t\t\t\t\t\t\t<span class=\"elementor-icon-list-icon\">\n\t\t\t\t\t\t\t<svg aria-hidden=\"true\" class=\"e-font-icon-svg e-fas-check\" viewBox=\"0 0 512 512\" xmlns=\"http:\/\/www.w3.org\/2000\/svg\"><path d=\"M173.898 439.404l-166.4-166.4c-9.997-9.997-9.997-26.206 0-36.204l36.203-36.204c9.997-9.998 26.207-9.998 36.204 0L192 312.69 432.095 72.596c9.997-9.997 26.207-9.997 36.204 0l36.203 36.204c9.997 9.997 9.997 26.206 0 36.204l-294.4 294.401c-9.998 9.997-26.207 9.997-36.204-.001z\"><\/path><\/svg>\t\t\t\t\t\t<\/span>\n\t\t\t\t\t\t\t\t\t\t<span class=\"elementor-icon-list-text\">Vastuullinen vaihtoehto laitteiden myynnille.<\/span>\n\t\t\t\t\t\t\t\t\t<\/li>\n\t\t\t\t\t\t<\/ul>\n\t\t\t\t\t\t<\/div>\n\t\t\t\t<div class=\"elementor-element elementor-element-71cb8924 elementor-widget__width-auto elementor-widget elementor-widget-jkit_button\" data-id=\"71cb8924\" data-element_type=\"widget\" data-e-type=\"widget\" data-widget_type=\"jkit_button.default\">\n\t\t\t\t\t<div  class=\"jeg-elementor-kit jkit-button  icon-position-before jeg_module__6_69fcd2d3719ae\" ><a href=\"https:\/\/mednordics.fi\/tarjoa-laitteita-meille\/\" class=\"jkit-button-wrapper hover-gradient\"><span>Myy laitteita<\/span><\/a><\/div>\t\t\t\t<\/div>\n\t\t\t\t\t<\/div>\n\t\t<\/div>\n\t\t\t\t\t<\/div>\n\t\t<\/section>\n\t\t\t\t<\/div>\n\t\t","protected":false},"excerpt":{"rendered":"<p>Kest\u00e4v\u00e4\u00e4 terveysteknologiaa \u2013 turvallisempi tulevaisuus Pidenn\u00e4mme l\u00e4\u00e4kint\u00e4laitteiden elinkaarta vastuullisen kierr\u00e4tyksen avulla. Myy laitteesi Luovuttaa laitteesi Tervetuloa MedNordicsille MedNordics on suomalainen yritys, joka erikoistuu k\u00e4ytettyjen l\u00e4\u00e4kint\u00e4laitteiden hankintaan Pohjoismaista. Tarjoamme ymp\u00e4rist\u00f6yst\u00e4v\u00e4llisi\u00e4 ratkaisuja huolehtimalla laitteiden uudelleenk\u00e4yt\u00f6st\u00e4, kierr\u00e4tyksest\u00e4 ja vastuullisesta romutuksesta EU:n ulkopuolella.Tavoitteenamme on yhdist\u00e4\u00e4 taloudellinen tehokkuus ja vihre\u00e4t arvot \u2013 v\u00e4hent\u00e4en j\u00e4tett\u00e4 ja pident\u00e4en l\u00e4\u00e4kint\u00e4laitteiden elinkaarta maailmanlaajuisesti. Teht\u00e4v\u00e4mme [&hellip;]<\/p>\n","protected":false},"author":1,"featured_media":0,"parent":0,"menu_order":0,"comment_status":"closed","ping_status":"closed","template":"elementor_header_footer","meta":{"footnotes":""},"class_list":["post-20","page","type-page","status-publish","hentry"],"_links":{"self":[{"href":"https:\/\/mednordics.fi\/en\/wp-json\/wp\/v2\/pages\/20","targetHints":{"allow":["GET"]}}],"collection":[{"href":"https:\/\/mednordics.fi\/en\/wp-json\/wp\/v2\/pages"}],"about":[{"href":"https:\/\/mednordics.fi\/en\/wp-json\/wp\/v2\/types\/page"}],"author":[{"embeddable":true,"href":"https:\/\/mednordics.fi\/en\/wp-json\/wp\/v2\/users\/1"}],"replies":[{"embeddable":true,"href":"https:\/\/mednordics.fi\/en\/wp-json\/wp\/v2\/comments?post=20"}],"version-history":[{"count":97,"href":"https:\/\/mednordics.fi\/en\/wp-json\/wp\/v2\/pages\/20\/revisions"}],"predecessor-version":[{"id":385,"href":"https:\/\/mednordics.fi\/en\/wp-json\/wp\/v2\/pages\/20\/revisions\/385"}],"wp:attachment":[{"href":"https:\/\/mednordics.fi\/en\/wp-json\/wp\/v2\/media?parent=20"}],"curies":[{"name":"wp","href":"https:\/\/api.w.org\/{rel}","templated":true}]}}