{"id":174,"date":"2025-09-06T17:10:30","date_gmt":"2025-09-06T17:10:30","guid":{"rendered":"https:\/\/mednordics.fi\/?page_id=174"},"modified":"2025-09-07T15:26:20","modified_gmt":"2025-09-07T15:26:20","slug":"tarjoa-laitteita-meille","status":"publish","type":"page","link":"https:\/\/mednordics.fi\/en\/tarjoa-laitteita-meille\/","title":{"rendered":"Offer your equipment to us"},"content":{"rendered":"\t\t<div data-elementor-type=\"wp-page\" data-elementor-id=\"174\" class=\"elementor elementor-174\" data-elementor-post-type=\"page\">\n\t\t\t\t<div class=\"elementor-element elementor-element-223f15b e-flex e-con-boxed e-con e-parent\" data-id=\"223f15b\" data-element_type=\"container\" data-e-type=\"container\">\n\t\t\t\t\t<div class=\"e-con-inner\">\n\t\t\t\t<div class=\"elementor-element elementor-element-287405c elementor-widget elementor-widget-heading\" data-id=\"287405c\" data-element_type=\"widget\" data-e-type=\"widget\" data-widget_type=\"heading.default\">\n\t\t\t\t\t<h2 class=\"elementor-heading-title elementor-size-default\">Tarjoa laitteita meille<\/h2>\t\t\t\t<\/div>\n\t\t\t\t<div class=\"elementor-element elementor-element-d56d7db elementor-widget__width-initial elementor-widget elementor-widget-text-editor\" data-id=\"d56d7db\" data-element_type=\"widget\" data-e-type=\"widget\" data-widget_type=\"text-editor.default\">\n\t\t\t\t\t\t\t\t\t<p data-start=\"878\" data-end=\"1210\">Onko sinulla l\u00e4\u00e4kint\u00e4laitteita, joita ei en\u00e4\u00e4 k\u00e4ytet\u00e4?<br data-start=\"932\" data-end=\"935\" \/>MedNordics tekee laitteiden tarjoamisesta helppoa ja vastuullista. Ostamme k\u00e4ytettyj\u00e4 laitteita sairaaloilta, klinikoilta ja terveydenhuollon toimijoilta.\u00a0<\/p><p data-start=\"1212\" data-end=\"1368\">Kun tarjoat laitteesi meille, vapautat arvokasta tilaa ja edist\u00e4t samalla vihre\u00e4mp\u00e4\u00e4 terveydenhuoltoa kierr\u00e4tyksen ja vastuullisen uudelleenk\u00e4yt\u00f6n kautta.<\/p>\t\t\t\t\t\t\t\t<\/div>\n\t\t<div class=\"elementor-element elementor-element-85dc2ac e-con-full e-flex e-con e-child\" data-id=\"85dc2ac\" data-element_type=\"container\" data-e-type=\"container\">\n\t\t\t\t<div class=\"elementor-element elementor-element-2826b24 elementor-button-align-stretch elementor-widget elementor-widget-form\" data-id=\"2826b24\" data-element_type=\"widget\" data-e-type=\"widget\" data-settings=\"{&quot;step_next_label&quot;:&quot;Next&quot;,&quot;step_previous_label&quot;:&quot;Previous&quot;,&quot;button_width&quot;:&quot;100&quot;,&quot;step_type&quot;:&quot;number_text&quot;,&quot;step_icon_shape&quot;:&quot;circle&quot;}\" data-widget_type=\"form.default\">\n\t\t\t\t\t\t\t<form class=\"elementor-form\" method=\"post\" name=\"New Form\" aria-label=\"New Form\">\n\t\t\t<input type=\"hidden\" name=\"post_id\" value=\"174\"\/>\n\t\t\t<input type=\"hidden\" name=\"form_id\" value=\"2826b24\"\/>\n\t\t\t<input type=\"hidden\" name=\"referer_title\" value=\"Tarjoa laitteita meille\" \/>\n\n\t\t\t\t\t\t\t<input type=\"hidden\" name=\"queried_id\" value=\"174\"\/>\n\t\t\t\n\t\t\t<div class=\"elementor-form-fields-wrapper elementor-labels-above\">\n\t\t\t\t\t\t\t\t<div class=\"elementor-field-type-text elementor-field-group elementor-column elementor-field-group-name elementor-col-50 elementor-field-required\">\n\t\t\t\t\t\t\t\t\t\t\t\t<label for=\"form-field-name\" class=\"elementor-field-label\">\n\t\t\t\t\t\t\t\tNimi\t\t\t\t\t\t\t<\/label>\n\t\t\t\t\t\t\t\t\t\t\t\t\t\t<input size=\"1\" type=\"text\" name=\"form_fields[name]\" id=\"form-field-name\" class=\"elementor-field elementor-size-sm  elementor-field-textual\" placeholder=\"Nimi\" required=\"required\">\n\t\t\t\t\t\t\t\t\t\t\t<\/div>\n\t\t\t\t\t\t\t\t<div class=\"elementor-field-type-email elementor-field-group elementor-column elementor-field-group-email elementor-col-50 elementor-field-required\">\n\t\t\t\t\t\t\t\t\t\t\t\t<label for=\"form-field-email\" class=\"elementor-field-label\">\n\t\t\t\t\t\t\t\tS\u00e4hk\u00f6postiosoite\t\t\t\t\t\t\t<\/label>\n\t\t\t\t\t\t\t\t\t\t\t\t\t\t<input size=\"1\" type=\"email\" name=\"form_fields[email]\" id=\"form-field-email\" class=\"elementor-field elementor-size-sm  elementor-field-textual\" placeholder=\"S\u00e4hk\u00f6postiosoite\" required=\"required\">\n\t\t\t\t\t\t\t\t\t\t\t<\/div>\n\t\t\t\t\t\t\t\t<div class=\"elementor-field-type-upload elementor-field-group elementor-column elementor-field-group-field_3c8c575 elementor-col-100\">\n\t\t\t\t\t\t\t\t\t\t\t\t<label for=\"form-field-field_3c8c575\" class=\"elementor-field-label\">\n\t\t\t\t\t\t\t\tLis\u00e4\u00e4 laitteiden kuvia (vapaaehtoinen)\t\t\t\t\t\t\t<\/label>\n\t\t\t\t\t\t\t\t<input type=\"file\" name=\"form_fields[field_3c8c575]\" id=\"form-field-field_3c8c575\" class=\"elementor-field elementor-size-sm  elementor-upload-field\">\n\n\t\t\t\t\t\t<\/div>\n\t\t\t\t\t\t\t\t<div class=\"elementor-field-type-textarea elementor-field-group elementor-column elementor-field-group-field_02219e0 elementor-col-100\">\n\t\t\t\t\t\t\t\t\t\t\t\t<label for=\"form-field-field_02219e0\" class=\"elementor-field-label\">\n\t\t\t\t\t\t\t\tLis\u00e4tiedot \/ Huomiot\t\t\t\t\t\t\t<\/label>\n\t\t\t\t\t\t<textarea class=\"elementor-field-textual elementor-field  elementor-size-sm\" name=\"form_fields[field_02219e0]\" id=\"form-field-field_02219e0\" rows=\"4\" placeholder=\"Lis\u00e4tiedot \/ Huomiot\"><\/textarea>\t\t\t\t<\/div>\n\t\t\t\t\t\t\t\t<div class=\"elementor-field-group elementor-column elementor-field-type-submit elementor-col-100 e-form__buttons\">\n\t\t\t\t\t<button class=\"elementor-button elementor-size-sm\" type=\"submit\">\n\t\t\t\t\t\t<span class=\"elementor-button-content-wrapper\">\n\t\t\t\t\t\t\t\t\t\t\t\t\t\t\t\t\t\t\t\t\t\t<span class=\"elementor-button-text\">L\u00e4het\u00e4<\/span>\n\t\t\t\t\t\t\t\t\t\t\t\t\t<\/span>\n\t\t\t\t\t<\/button>\n\t\t\t\t<\/div>\n\t\t\t<\/div>\n\t\t<\/form>\n\t\t\t\t\t\t<\/div>\n\t\t\t\t<\/div>\n\t\t\t\t\t<\/div>\n\t\t\t\t<\/div>\n\t\t\t\t<\/div>\n\t\t","protected":false},"excerpt":{"rendered":"<p>Tarjoa laitteita meille Onko sinulla l\u00e4\u00e4kint\u00e4laitteita, joita ei en\u00e4\u00e4 k\u00e4ytet\u00e4?MedNordics tekee laitteiden tarjoamisesta helppoa ja vastuullista. Ostamme k\u00e4ytettyj\u00e4 laitteita sairaaloilta, klinikoilta ja terveydenhuollon toimijoilta.\u00a0 Kun tarjoat laitteesi meille, vapautat arvokasta tilaa ja edist\u00e4t samalla vihre\u00e4mp\u00e4\u00e4 terveydenhuoltoa kierr\u00e4tyksen ja vastuullisen uudelleenk\u00e4yt\u00f6n kautta.<\/p>","protected":false},"author":1,"featured_media":0,"parent":0,"menu_order":0,"comment_status":"closed","ping_status":"closed","template":"elementor_header_footer","meta":{"footnotes":""},"class_list":["post-174","page","type-page","status-publish","hentry"],"_links":{"self":[{"href":"https:\/\/mednordics.fi\/en\/wp-json\/wp\/v2\/pages\/174","targetHints":{"allow":["GET"]}}],"collection":[{"href":"https:\/\/mednordics.fi\/en\/wp-json\/wp\/v2\/pages"}],"about":[{"href":"https:\/\/mednordics.fi\/en\/wp-json\/wp\/v2\/types\/page"}],"author":[{"embeddable":true,"href":"https:\/\/mednordics.fi\/en\/wp-json\/wp\/v2\/users\/1"}],"replies":[{"embeddable":true,"href":"https:\/\/mednordics.fi\/en\/wp-json\/wp\/v2\/comments?post=174"}],"version-history":[{"count":25,"href":"https:\/\/mednordics.fi\/en\/wp-json\/wp\/v2\/pages\/174\/revisions"}],"predecessor-version":[{"id":331,"href":"https:\/\/mednordics.fi\/en\/wp-json\/wp\/v2\/pages\/174\/revisions\/331"}],"wp:attachment":[{"href":"https:\/\/mednordics.fi\/en\/wp-json\/wp\/v2\/media?parent=174"}],"curies":[{"name":"wp","href":"https:\/\/api.w.org\/{rel}","templated":true}]}}