{"id":168,"date":"2025-09-06T16:25:49","date_gmt":"2025-09-06T16:25:49","guid":{"rendered":"https:\/\/mednordics.fi\/?page_id=168"},"modified":"2025-09-07T14:47:00","modified_gmt":"2025-09-07T14:47:00","slug":"palvelumme","status":"publish","type":"page","link":"https:\/\/mednordics.fi\/en\/palvelumme\/","title":{"rendered":"Our services"},"content":{"rendered":"<div data-elementor-type=\"wp-page\" data-elementor-id=\"168\" class=\"elementor elementor-168\" data-elementor-post-type=\"page\">\n\t\t\t\t\t\t<section class=\"elementor-section elementor-top-section elementor-element elementor-element-43ccdb7 elementor-section-boxed elementor-section-height-default elementor-section-height-default\" data-id=\"43ccdb7\" data-element_type=\"section\" data-e-type=\"section\" data-settings=\"{&quot;background_background&quot;:&quot;classic&quot;}\">\n\t\t\t\t\t\t\t<div class=\"elementor-background-overlay\"><\/div>\n\t\t\t\t\t\t\t<div class=\"elementor-container elementor-column-gap-default\">\n\t\t\t\t\t<div class=\"elementor-column elementor-col-100 elementor-top-column elementor-element elementor-element-cc4c496\" data-id=\"cc4c496\" data-element_type=\"column\" data-e-type=\"column\">\n\t\t\t<div class=\"elementor-widget-wrap elementor-element-populated\">\n\t\t\t\t\t\t<div class=\"elementor-element elementor-element-3a15fd6 elementor-widget elementor-widget-heading\" data-id=\"3a15fd6\" data-element_type=\"widget\" data-e-type=\"widget\" data-widget_type=\"heading.default\">\n\t\t\t\t\t<h2 class=\"elementor-heading-title elementor-size-default\">Our services<\/h2>\t\t\t\t<\/div>\n\t\t\t\t<div class=\"elementor-element elementor-element-92ee30c elementor-widget elementor-widget-text-editor\" data-id=\"92ee30c\" data-element_type=\"widget\" data-e-type=\"widget\" data-widget_type=\"text-editor.default\">\n\t\t\t\t\t\t\t\t\tMedNordics offers a complete solution for the life cycle of medical devices. We arrange the collection of used equipment and materials from your premises.\t\t\t\t\t\t\t\t<\/div>\n\t\t\t\t<section class=\"elementor-section elementor-inner-section elementor-element elementor-element-88ef364 elementor-section-boxed elementor-section-height-default elementor-section-height-default\" data-id=\"88ef364\" data-element_type=\"section\" data-e-type=\"section\" data-settings=\"{&quot;background_background&quot;:&quot;classic&quot;}\">\n\t\t\t\t\t\t<div class=\"elementor-container elementor-column-gap-default\">\n\t\t\t\t\t<div class=\"elementor-column elementor-col-33 elementor-inner-column elementor-element elementor-element-fbcd17c\" data-id=\"fbcd17c\" data-element_type=\"column\" data-e-type=\"column\">\n\t\t\t<div class=\"elementor-widget-wrap elementor-element-populated\">\n\t\t\t\t\t\t<div class=\"elementor-element elementor-element-7947821 jkit-equal-height-disable elementor-widget elementor-widget-jkit_icon_box\" data-id=\"7947821\" data-element_type=\"widget\" data-e-type=\"widget\" data-widget_type=\"jkit_icon_box.default\">\n\t\t\t\t\t<div  class=\"jeg-elementor-kit jkit-icon-box icon-position- elementor-animation- jeg_module___69fcdb1f23a45\" ><div class=\"jkit-icon-box-wrapper hover-from-top\"><div class=\"icon-box icon-box-header elementor-animation-\"><div class=\"icon style-color\"><img fetchpriority=\"high\" decoding=\"async\" width=\"256\" height=\"256\" src=\"https:\/\/mednordics.fi\/wp-content\/uploads\/2025\/09\/surgical-instrument.png\" class=\"attachment-full size-full\" alt=\"K\u00e4ytettyjen laitteiden hankinta\" url=\"https:\/\/mednordics.fi\/wp-content\/uploads\/2025\/09\/surgical-instrument.png\" source=\"library\" srcset=\"https:\/\/mednordics.fi\/wp-content\/uploads\/2025\/09\/surgical-instrument.png 256w, https:\/\/mednordics.fi\/wp-content\/uploads\/2025\/09\/surgical-instrument-150x150.png 150w, https:\/\/mednordics.fi\/wp-content\/uploads\/2025\/09\/surgical-instrument-100x100.png 100w\" sizes=\"(max-width: 256px) 100vw, 256px\" \/><\/div><\/div><div class=\"icon-box icon-box-body\">\n                <h3 class=\"title\">Purchase of used equipment<\/h3><p class=\"icon-box-description\">We buy used medical equipment and materials from hospitals, clinics and healthcare providers.<\/p>\n            <\/div>\n            \n            <\/div><\/div>\t\t\t\t<\/div>\n\t\t\t\t\t<\/div>\n\t\t<\/div>\n\t\t\t\t<div class=\"elementor-column elementor-col-33 elementor-inner-column elementor-element elementor-element-4095818\" data-id=\"4095818\" data-element_type=\"column\" data-e-type=\"column\">\n\t\t\t<div class=\"elementor-widget-wrap elementor-element-populated\">\n\t\t\t\t\t\t<div class=\"elementor-element elementor-element-1a9c07c jkit-equal-height-disable elementor-widget elementor-widget-jkit_icon_box\" data-id=\"1a9c07c\" data-element_type=\"widget\" data-e-type=\"widget\" data-widget_type=\"jkit_icon_box.default\">\n\t\t\t\t\t<div  class=\"jeg-elementor-kit jkit-icon-box icon-position- elementor-animation- jeg_module__1_69fcdb1f24ce3\" ><div class=\"jkit-icon-box-wrapper hover-from-top\"><div class=\"icon-box icon-box-header elementor-animation-\"><div class=\"icon style-color\"><img decoding=\"async\" width=\"256\" height=\"256\" src=\"https:\/\/mednordics.fi\/wp-content\/uploads\/2025\/09\/regulatory-compliance.png\" class=\"attachment-full size-full\" alt=\"S\u00e4\u00e4d\u00f6sten noudattaminen\" url=\"https:\/\/mednordics.fi\/wp-content\/uploads\/2025\/09\/regulatory-compliance.png\" source=\"library\" srcset=\"https:\/\/mednordics.fi\/wp-content\/uploads\/2025\/09\/regulatory-compliance.png 256w, https:\/\/mednordics.fi\/wp-content\/uploads\/2025\/09\/regulatory-compliance-150x150.png 150w, https:\/\/mednordics.fi\/wp-content\/uploads\/2025\/09\/regulatory-compliance-100x100.png 100w\" sizes=\"(max-width: 256px) 100vw, 256px\" \/><\/div><\/div><div class=\"icon-box icon-box-body\">\n                <h3 class=\"title\">Compliance with regulations<\/h3><p class=\"icon-box-description\">Transparent and ethical business practices in line with international rules.<\/p>\n            <\/div>\n            \n            <\/div><\/div>\t\t\t\t<\/div>\n\t\t\t\t\t<\/div>\n\t\t<\/div>\n\t\t\t\t<div class=\"elementor-column elementor-col-33 elementor-inner-column elementor-element elementor-element-f2494f0\" data-id=\"f2494f0\" data-element_type=\"column\" data-e-type=\"column\">\n\t\t\t<div class=\"elementor-widget-wrap elementor-element-populated\">\n\t\t\t\t\t\t<div class=\"elementor-element elementor-element-0a901f8 jkit-equal-height-disable elementor-widget elementor-widget-jkit_icon_box\" data-id=\"0a901f8\" data-element_type=\"widget\" data-e-type=\"widget\" data-widget_type=\"jkit_icon_box.default\">\n\t\t\t\t\t<div  class=\"jeg-elementor-kit jkit-icon-box icon-position- elementor-animation- jeg_module__2_69fcdb1f25b63\" ><div class=\"jkit-icon-box-wrapper hover-from-top\"><div class=\"icon-box icon-box-header elementor-animation-\"><div class=\"icon style-color\"><img decoding=\"async\" width=\"256\" height=\"256\" src=\"https:\/\/mednordics.fi\/wp-content\/uploads\/2025\/09\/lifestyle-1.png\" class=\"attachment-full size-full\" alt=\"Kest\u00e4v\u00e4n kehityksen edist\u00e4minen\" url=\"https:\/\/mednordics.fi\/wp-content\/uploads\/2025\/09\/lifestyle-1.png\" source=\"library\" srcset=\"https:\/\/mednordics.fi\/wp-content\/uploads\/2025\/09\/lifestyle-1.png 256w, https:\/\/mednordics.fi\/wp-content\/uploads\/2025\/09\/lifestyle-1-150x150.png 150w, https:\/\/mednordics.fi\/wp-content\/uploads\/2025\/09\/lifestyle-1-100x100.png 100w\" sizes=\"(max-width: 256px) 100vw, 256px\" \/><\/div><\/div><div class=\"icon-box icon-box-body\">\n                <h3 class=\"title\">Promoting sustainable development<\/h3><p class=\"icon-box-description\">By extending the life of equipment, we reduce electrical and electronic waste and support resource efficiency - providing greener solutions for healthcare.<\/p>\n            <\/div>\n            \n            <\/div><\/div>\t\t\t\t<\/div>\n\t\t\t\t\t<\/div>\n\t\t<\/div>\n\t\t\t\t\t<\/div>\n\t\t<\/section>\n\t\t\t\t\t<\/div>\n\t\t<\/div>\n\t\t\t\t\t<\/div>\n\t\t<\/section>\n\t\t\t\t<\/div>","protected":false},"excerpt":{"rendered":"<p>Palvelumme MedNordics tarjoaa kokonaisvaltaisen ratkaisun l\u00e4\u00e4kint\u00e4laitteiden elinkaareen. J\u00e4rjest\u00e4mme k\u00e4ytettyjen laitteiden ja materiaalien noudon asiakkaan tiloista. K\u00e4ytettyjen laitteiden hankinta Ostamme k\u00e4ytettyj\u00e4 l\u00e4\u00e4kint\u00e4laitteita ja -materiaaleja sairaaloilta, klinikoilta ja terveydenhuollon toimijoilta. S\u00e4\u00e4d\u00f6sten noudattaminen L\u00e4pin\u00e4kyv\u00e4 ja eettinen liiketoiminta kansainv\u00e4listen s\u00e4\u00e4nt\u00f6jen mukaisesti. Kest\u00e4v\u00e4n kehityksen edist\u00e4minen Pident\u00e4m\u00e4ll\u00e4 laitteiden k\u00e4ytt\u00f6ik\u00e4\u00e4 v\u00e4henn\u00e4mme s\u00e4hk\u00f6- ja elektroniikkaj\u00e4tett\u00e4 sek\u00e4 tuemme resurssien tehokasta k\u00e4ytt\u00f6\u00e4 \u2013 tarjoten vihre\u00e4mpi\u00e4 [&hellip;]<\/p>\n","protected":false},"author":1,"featured_media":0,"parent":0,"menu_order":0,"comment_status":"closed","ping_status":"closed","template":"elementor_header_footer","meta":{"footnotes":""},"class_list":["post-168","page","type-page","status-publish","hentry"],"_links":{"self":[{"href":"https:\/\/mednordics.fi\/en\/wp-json\/wp\/v2\/pages\/168","targetHints":{"allow":["GET"]}}],"collection":[{"href":"https:\/\/mednordics.fi\/en\/wp-json\/wp\/v2\/pages"}],"about":[{"href":"https:\/\/mednordics.fi\/en\/wp-json\/wp\/v2\/types\/page"}],"author":[{"embeddable":true,"href":"https:\/\/mednordics.fi\/en\/wp-json\/wp\/v2\/users\/1"}],"replies":[{"embeddable":true,"href":"https:\/\/mednordics.fi\/en\/wp-json\/wp\/v2\/comments?post=168"}],"version-history":[{"count":16,"href":"https:\/\/mednordics.fi\/en\/wp-json\/wp\/v2\/pages\/168\/revisions"}],"predecessor-version":[{"id":314,"href":"https:\/\/mednordics.fi\/en\/wp-json\/wp\/v2\/pages\/168\/revisions\/314"}],"wp:attachment":[{"href":"https:\/\/mednordics.fi\/en\/wp-json\/wp\/v2\/media?parent=168"}],"curies":[{"name":"wp","href":"https:\/\/api.w.org\/{rel}","templated":true}]}}