{"id":127,"date":"2025-09-06T15:44:42","date_gmt":"2025-09-06T15:44:42","guid":{"rendered":"https:\/\/mednordics.fi\/?page_id=127"},"modified":"2025-09-07T15:09:14","modified_gmt":"2025-09-07T15:09:14","slug":"mednordicsista","status":"publish","type":"page","link":"https:\/\/mednordics.fi\/en\/mednordicsista\/","title":{"rendered":"MedNordics"},"content":{"rendered":"<div data-elementor-type=\"wp-page\" data-elementor-id=\"127\" class=\"elementor elementor-127\" data-elementor-post-type=\"page\">\n\t\t\t\t\t\t<section class=\"elementor-section elementor-top-section elementor-element elementor-element-358ce269 elementor-section-boxed elementor-section-height-default elementor-section-height-default\" data-id=\"358ce269\" data-element_type=\"section\" data-e-type=\"section\" data-settings=\"{&quot;background_background&quot;:&quot;classic&quot;}\">\n\t\t\t\t\t\t\t<div class=\"elementor-background-overlay\"><\/div>\n\t\t\t\t\t\t\t<div class=\"elementor-container elementor-column-gap-default\">\n\t\t\t\t\t<div class=\"elementor-column elementor-col-100 elementor-top-column elementor-element elementor-element-62e5cabd\" data-id=\"62e5cabd\" data-element_type=\"column\" data-e-type=\"column\">\n\t\t\t<div class=\"elementor-widget-wrap elementor-element-populated\">\n\t\t\t\t\t\t<div class=\"elementor-element elementor-element-5e160eb1 elementor-widget elementor-widget-heading\" data-id=\"5e160eb1\" data-element_type=\"widget\" data-e-type=\"widget\" data-widget_type=\"heading.default\">\n\t\t\t\t\t<h2 class=\"elementor-heading-title elementor-size-default\">MedNordics<\/h2>\t\t\t\t<\/div>\n\t\t\t\t<div class=\"elementor-element elementor-element-41ea70d7 elementor-icon-list--layout-inline elementor-align-center elementor-mobile-align-center elementor-list-item-link-full_width elementor-widget elementor-widget-icon-list\" data-id=\"41ea70d7\" data-element_type=\"widget\" data-e-type=\"widget\" data-widget_type=\"icon-list.default\">\n\t\t\t\t\t\t\t<ul class=\"elementor-icon-list-items elementor-inline-items\">\n\t\t\t\t\t\t\t<li class=\"elementor-icon-list-item elementor-inline-item\">\n\t\t\t\t\t\t\t\t\t\t<span class=\"elementor-icon-list-text\">Home page<\/span>\n\t\t\t\t\t\t\t\t\t<\/li>\n\t\t\t\t\t\t\t\t<li class=\"elementor-icon-list-item elementor-inline-item\">\n\t\t\t\t\t\t\t\t\t\t\t<span class=\"elementor-icon-list-icon\">\n\t\t\t\t\t\t\t<svg aria-hidden=\"true\" class=\"e-font-icon-svg e-fas-chevron-right\" viewbox=\"0 0 320 512\" xmlns=\"http:\/\/www.w3.org\/2000\/svg\"><path d=\"M285.476 272.971L91.132 467.314c-9.373 9.373-24.569 9.373-33.941 0l-22.667-22.667c-9.357-9.357-9.375-24.522-.04-33.901L188.505 256 34.484 101.255c-9.335-9.379-9.317-24.544.04-33.901l22.667-22.667c9.373-9.373 24.569-9.373 33.941 0L285.475 239.03c9.373 9.372 9.373 24.568.001 33.941z\"><\/path><\/svg>\t\t\t\t\t\t<\/span>\n\t\t\t\t\t\t\t\t\t\t<span class=\"elementor-icon-list-text\">MedNordics<\/span>\n\t\t\t\t\t\t\t\t\t<\/li>\n\t\t\t\t\t\t<\/ul>\n\t\t\t\t\t\t<\/div>\n\t\t\t\t\t<\/div>\n\t\t<\/div>\n\t\t\t\t\t<\/div>\n\t\t<\/section>\n\t\t\t\t<section class=\"elementor-section elementor-top-section elementor-element elementor-element-aa93ac4 elementor-section-content-middle elementor-section-boxed elementor-section-height-default elementor-section-height-default\" data-id=\"aa93ac4\" data-element_type=\"section\" data-e-type=\"section\">\n\t\t\t\t\t\t<div class=\"elementor-container elementor-column-gap-default\">\n\t\t\t\t\t<div class=\"elementor-column elementor-col-50 elementor-top-column elementor-element elementor-element-ad8cbfd\" data-id=\"ad8cbfd\" data-element_type=\"column\" data-e-type=\"column\">\n\t\t\t<div class=\"elementor-widget-wrap elementor-element-populated\">\n\t\t\t\t\t\t<section class=\"elementor-section elementor-inner-section elementor-element elementor-element-3c8ed9a3 elementor-section-boxed elementor-section-height-default elementor-section-height-default\" data-id=\"3c8ed9a3\" data-element_type=\"section\" data-e-type=\"section\">\n\t\t\t\t\t\t<div class=\"elementor-container elementor-column-gap-no\">\n\t\t\t\t\t<div class=\"elementor-column elementor-col-100 elementor-inner-column elementor-element elementor-element-52663638\" data-id=\"52663638\" data-element_type=\"column\" data-e-type=\"column\">\n\t\t\t<div class=\"elementor-widget-wrap elementor-element-populated\">\n\t\t\t\t\t\t<div class=\"elementor-element elementor-element-1a4e7916 jkit-equal-height-disable elementor-widget elementor-widget-jkit_icon_box\" data-id=\"1a4e7916\" data-element_type=\"widget\" data-e-type=\"widget\" data-widget_type=\"jkit_icon_box.default\">\n\t\t\t\t\t<div  class=\"jeg-elementor-kit jkit-icon-box icon-position-left elementor-animation- jeg_module___69fcdadce9c50\" ><div class=\"jkit-icon-box-wrapper hover-from-left\"><div class=\"icon-box icon-box-header elementor-animation-\"><div class=\"icon style-color\"><i aria-hidden=\"true\" class=\"jki jki-check-solid\"><\/i><\/div><\/div><div class=\"icon-box icon-box-body\">\n                <h2 class=\"title\">Honesty and respect for the rules<\/h2><p class=\"icon-box-description\">We always act openly and ethically.<\/p>\n            <\/div>\n            \n            <\/div><\/div>\t\t\t\t<\/div>\n\t\t\t\t<div class=\"elementor-element elementor-element-696c3eff jkit-equal-height-disable elementor-widget elementor-widget-jkit_icon_box\" data-id=\"696c3eff\" data-element_type=\"widget\" data-e-type=\"widget\" data-widget_type=\"jkit_icon_box.default\">\n\t\t\t\t\t<div  class=\"jeg-elementor-kit jkit-icon-box icon-position-left elementor-animation- jeg_module__1_69fcdadceadd9\" ><div class=\"jkit-icon-box-wrapper hover-from-left\"><div class=\"icon-box icon-box-header elementor-animation-\"><div class=\"icon style-color\"><i aria-hidden=\"true\" class=\"jki jki-check-solid\"><\/i><\/div><\/div><div class=\"icon-box icon-box-body\">\n                <h2 class=\"title\">Environmental responsibility<\/h2><p class=\"icon-box-description\">Sustainability is at the heart of everything we do.<\/p>\n            <\/div>\n            \n            <\/div><\/div>\t\t\t\t<\/div>\n\t\t\t\t<div class=\"elementor-element elementor-element-da72cf7 jkit-equal-height-disable elementor-widget elementor-widget-jkit_icon_box\" data-id=\"da72cf7\" data-element_type=\"widget\" data-e-type=\"widget\" data-widget_type=\"jkit_icon_box.default\">\n\t\t\t\t\t<div  class=\"jeg-elementor-kit jkit-icon-box icon-position-left elementor-animation- jeg_module__2_69fcdadceb753\" ><div class=\"jkit-icon-box-wrapper hover-from-left\"><div class=\"icon-box icon-box-header elementor-animation-\"><div class=\"icon style-color\"><i aria-hidden=\"true\" class=\"jki jki-check-solid\"><\/i><\/div><\/div><div class=\"icon-box icon-box-body\">\n                <h2 class=\"title\">Customer focus<\/h2><p class=\"icon-box-description\">We help our customers with professionalism<\/p>\n            <\/div>\n            \n            <\/div><\/div>\t\t\t\t<\/div>\n\t\t\t\t\t<\/div>\n\t\t<\/div>\n\t\t\t\t\t<\/div>\n\t\t<\/section>\n\t\t\t\t\t<\/div>\n\t\t<\/div>\n\t\t\t\t<div class=\"elementor-column elementor-col-50 elementor-top-column elementor-element elementor-element-fb1bd1a\" data-id=\"fb1bd1a\" data-element_type=\"column\" data-e-type=\"column\" data-settings=\"{&quot;background_background&quot;:&quot;classic&quot;}\">\n\t\t\t<div class=\"elementor-widget-wrap elementor-element-populated\">\n\t\t\t\t\t\t<div class=\"elementor-element elementor-element-6a5e85a elementor-widget elementor-widget-spacer\" data-id=\"6a5e85a\" data-element_type=\"widget\" data-e-type=\"widget\" data-widget_type=\"spacer.default\">\n\t\t\t\t\t\t\t<div class=\"elementor-spacer\">\n\t\t\t<div class=\"elementor-spacer-inner\"><\/div>\n\t\t<\/div>\n\t\t\t\t\t\t<\/div>\n\t\t\t\t\t<\/div>\n\t\t<\/div>\n\t\t\t\t\t<\/div>\n\t\t<\/section>\n\t\t\t\t<section class=\"elementor-section elementor-top-section elementor-element elementor-element-46c4e531 elementor-section-boxed elementor-section-height-default elementor-section-height-default\" data-id=\"46c4e531\" data-element_type=\"section\" data-e-type=\"section\" data-settings=\"{&quot;background_background&quot;:&quot;classic&quot;}\">\n\t\t\t\t\t\t\t<div class=\"elementor-background-overlay\"><\/div>\n\t\t\t\t\t\t\t<div class=\"elementor-container elementor-column-gap-default\">\n\t\t\t\t\t<div class=\"elementor-column elementor-col-100 elementor-top-column elementor-element elementor-element-7754677b\" data-id=\"7754677b\" data-element_type=\"column\" data-e-type=\"column\">\n\t\t\t<div class=\"elementor-widget-wrap elementor-element-populated\">\n\t\t\t\t\t\t<div class=\"elementor-element elementor-element-2e424bc6 elementor-widget elementor-widget-heading\" data-id=\"2e424bc6\" data-element_type=\"widget\" data-e-type=\"widget\" data-widget_type=\"heading.default\">\n\t\t\t\t\t<h2 class=\"elementor-heading-title elementor-size-default\">Our services<\/h2>\t\t\t\t<\/div>\n\t\t\t\t<div class=\"elementor-element elementor-element-69c4c31d elementor-widget elementor-widget-text-editor\" data-id=\"69c4c31d\" data-element_type=\"widget\" data-e-type=\"widget\" data-widget_type=\"text-editor.default\">\n\t\t\t\t\t\t\t\t\t<p>MedNordics offers a complete solution for the life cycle of medical devices. We arrange the collection of used equipment and materials from your premises.<\/p>\t\t\t\t\t\t\t\t<\/div>\n\t\t\t\t<section class=\"elementor-section elementor-inner-section elementor-element elementor-element-15ef7bd9 elementor-section-boxed elementor-section-height-default elementor-section-height-default\" data-id=\"15ef7bd9\" data-element_type=\"section\" data-e-type=\"section\" data-settings=\"{&quot;background_background&quot;:&quot;classic&quot;}\">\n\t\t\t\t\t\t<div class=\"elementor-container elementor-column-gap-default\">\n\t\t\t\t\t<div class=\"elementor-column elementor-col-33 elementor-inner-column elementor-element elementor-element-6428df63\" data-id=\"6428df63\" data-element_type=\"column\" data-e-type=\"column\">\n\t\t\t<div class=\"elementor-widget-wrap elementor-element-populated\">\n\t\t\t\t\t\t<div class=\"elementor-element elementor-element-3941e13 jkit-equal-height-disable elementor-widget elementor-widget-jkit_icon_box\" data-id=\"3941e13\" data-element_type=\"widget\" data-e-type=\"widget\" data-widget_type=\"jkit_icon_box.default\">\n\t\t\t\t\t<div  class=\"jeg-elementor-kit jkit-icon-box icon-position- elementor-animation- jeg_module__3_69fcdadcec7d8\" ><div class=\"jkit-icon-box-wrapper hover-from-top\"><div class=\"icon-box icon-box-header elementor-animation-\"><div class=\"icon style-color\"><img fetchpriority=\"high\" decoding=\"async\" width=\"256\" height=\"256\" src=\"https:\/\/mednordics.fi\/wp-content\/uploads\/2025\/09\/surgical-instrument.png\" class=\"attachment-full size-full\" alt=\"K\u00e4ytettyjen laitteiden hankinta\" url=\"https:\/\/mednordics.fi\/wp-content\/uploads\/2025\/09\/surgical-instrument.png\" source=\"library\" srcset=\"https:\/\/mednordics.fi\/wp-content\/uploads\/2025\/09\/surgical-instrument.png 256w, https:\/\/mednordics.fi\/wp-content\/uploads\/2025\/09\/surgical-instrument-150x150.png 150w, https:\/\/mednordics.fi\/wp-content\/uploads\/2025\/09\/surgical-instrument-100x100.png 100w\" sizes=\"(max-width: 256px) 100vw, 256px\" \/><\/div><\/div><div class=\"icon-box icon-box-body\">\n                <h3 class=\"title\">Purchase of used equipment<\/h3><p class=\"icon-box-description\">We buy used medical equipment and materials from hospitals, clinics and healthcare providers.<\/p>\n            <\/div>\n            \n            <\/div><\/div>\t\t\t\t<\/div>\n\t\t\t\t\t<\/div>\n\t\t<\/div>\n\t\t\t\t<div class=\"elementor-column elementor-col-33 elementor-inner-column elementor-element elementor-element-46011455\" data-id=\"46011455\" data-element_type=\"column\" data-e-type=\"column\">\n\t\t\t<div class=\"elementor-widget-wrap elementor-element-populated\">\n\t\t\t\t\t\t<div class=\"elementor-element elementor-element-d05654a jkit-equal-height-disable elementor-widget elementor-widget-jkit_icon_box\" data-id=\"d05654a\" data-element_type=\"widget\" data-e-type=\"widget\" data-widget_type=\"jkit_icon_box.default\">\n\t\t\t\t\t<div  class=\"jeg-elementor-kit jkit-icon-box icon-position- elementor-animation- jeg_module__4_69fcdadced762\" ><div class=\"jkit-icon-box-wrapper hover-from-top\"><div class=\"icon-box icon-box-header elementor-animation-\"><div class=\"icon style-color\"><img decoding=\"async\" width=\"256\" height=\"256\" src=\"https:\/\/mednordics.fi\/wp-content\/uploads\/2025\/09\/regulatory-compliance.png\" class=\"attachment-full size-full\" alt=\"S\u00e4\u00e4d\u00f6sten noudattaminen\" url=\"https:\/\/mednordics.fi\/wp-content\/uploads\/2025\/09\/regulatory-compliance.png\" source=\"library\" srcset=\"https:\/\/mednordics.fi\/wp-content\/uploads\/2025\/09\/regulatory-compliance.png 256w, https:\/\/mednordics.fi\/wp-content\/uploads\/2025\/09\/regulatory-compliance-150x150.png 150w, https:\/\/mednordics.fi\/wp-content\/uploads\/2025\/09\/regulatory-compliance-100x100.png 100w\" sizes=\"(max-width: 256px) 100vw, 256px\" \/><\/div><\/div><div class=\"icon-box icon-box-body\">\n                <h3 class=\"title\">Compliance with regulations<\/h3><p class=\"icon-box-description\">Transparent and ethical business practices in line with international rules.<\/p>\n            <\/div>\n            \n            <\/div><\/div>\t\t\t\t<\/div>\n\t\t\t\t\t<\/div>\n\t\t<\/div>\n\t\t\t\t<div class=\"elementor-column elementor-col-33 elementor-inner-column elementor-element elementor-element-6b453e4c\" data-id=\"6b453e4c\" data-element_type=\"column\" data-e-type=\"column\">\n\t\t\t<div class=\"elementor-widget-wrap elementor-element-populated\">\n\t\t\t\t\t\t<div class=\"elementor-element elementor-element-e504bae jkit-equal-height-disable elementor-widget elementor-widget-jkit_icon_box\" data-id=\"e504bae\" data-element_type=\"widget\" data-e-type=\"widget\" data-widget_type=\"jkit_icon_box.default\">\n\t\t\t\t\t<div  class=\"jeg-elementor-kit jkit-icon-box icon-position- elementor-animation- jeg_module__5_69fcdadcee42d\" ><div class=\"jkit-icon-box-wrapper hover-from-top\"><div class=\"icon-box icon-box-header elementor-animation-\"><div class=\"icon style-color\"><img decoding=\"async\" width=\"256\" height=\"256\" src=\"https:\/\/mednordics.fi\/wp-content\/uploads\/2025\/09\/lifestyle-1.png\" class=\"attachment-full size-full\" alt=\"Kest\u00e4v\u00e4n kehityksen edist\u00e4minen\" url=\"https:\/\/mednordics.fi\/wp-content\/uploads\/2025\/09\/lifestyle-1.png\" source=\"library\" srcset=\"https:\/\/mednordics.fi\/wp-content\/uploads\/2025\/09\/lifestyle-1.png 256w, https:\/\/mednordics.fi\/wp-content\/uploads\/2025\/09\/lifestyle-1-150x150.png 150w, https:\/\/mednordics.fi\/wp-content\/uploads\/2025\/09\/lifestyle-1-100x100.png 100w\" sizes=\"(max-width: 256px) 100vw, 256px\" \/><\/div><\/div><div class=\"icon-box icon-box-body\">\n                <h3 class=\"title\">Promoting sustainable development<\/h3><p class=\"icon-box-description\">By extending the life of equipment, we reduce electrical and electronic waste and support resource efficiency - providing greener solutions for healthcare.<\/p>\n            <\/div>\n            \n            <\/div><\/div>\t\t\t\t<\/div>\n\t\t\t\t\t<\/div>\n\t\t<\/div>\n\t\t\t\t\t<\/div>\n\t\t<\/section>\n\t\t\t\t\t<\/div>\n\t\t<\/div>\n\t\t\t\t\t<\/div>\n\t\t<\/section>\n\t\t\t\t<\/div>","protected":false},"excerpt":{"rendered":"<p>MedNordicsista Etusivu MedNordicsista Rehellisyys ja s\u00e4\u00e4nt\u00f6jen noudattaminen Toimimme aina avoimesti ja eettisesti. Ymp\u00e4rist\u00f6vastuu Kest\u00e4vyys on toimintamme ytimess\u00e4. Asiakasl\u00e4ht\u00f6isyys Autamme asiakkaitamme ammattitaidolla Palvelumme MedNordics tarjoaa kokonaisvaltaisen ratkaisun l\u00e4\u00e4kint\u00e4laitteiden elinkaareen. J\u00e4rjest\u00e4mme k\u00e4ytettyjen laitteiden ja materiaalien noudon asiakkaan tiloista. K\u00e4ytettyjen laitteiden hankinta Ostamme k\u00e4ytettyj\u00e4 l\u00e4\u00e4kint\u00e4laitteita ja -materiaaleja sairaaloilta, klinikoilta ja terveydenhuollon toimijoilta. S\u00e4\u00e4d\u00f6sten noudattaminen L\u00e4pin\u00e4kyv\u00e4 ja eettinen liiketoiminta [&hellip;]<\/p>\n","protected":false},"author":1,"featured_media":0,"parent":0,"menu_order":0,"comment_status":"closed","ping_status":"closed","template":"elementor_header_footer","meta":{"footnotes":""},"class_list":["post-127","page","type-page","status-publish","hentry"],"_links":{"self":[{"href":"https:\/\/mednordics.fi\/en\/wp-json\/wp\/v2\/pages\/127","targetHints":{"allow":["GET"]}}],"collection":[{"href":"https:\/\/mednordics.fi\/en\/wp-json\/wp\/v2\/pages"}],"about":[{"href":"https:\/\/mednordics.fi\/en\/wp-json\/wp\/v2\/types\/page"}],"author":[{"embeddable":true,"href":"https:\/\/mednordics.fi\/en\/wp-json\/wp\/v2\/users\/1"}],"replies":[{"embeddable":true,"href":"https:\/\/mednordics.fi\/en\/wp-json\/wp\/v2\/comments?post=127"}],"version-history":[{"count":40,"href":"https:\/\/mednordics.fi\/en\/wp-json\/wp\/v2\/pages\/127\/revisions"}],"predecessor-version":[{"id":320,"href":"https:\/\/mednordics.fi\/en\/wp-json\/wp\/v2\/pages\/127\/revisions\/320"}],"wp:attachment":[{"href":"https:\/\/mednordics.fi\/en\/wp-json\/wp\/v2\/media?parent=127"}],"curies":[{"name":"wp","href":"https:\/\/api.w.org\/{rel}","templated":true}]}}